{"id":512,"date":"2020-10-29T22:07:52","date_gmt":"2020-10-29T21:07:52","guid":{"rendered":"https:\/\/soro.co.at\/?page_id=512"},"modified":"2024-10-22T20:10:11","modified_gmt":"2024-10-22T18:10:11","slug":"steueridentifikation","status":"publish","type":"page","link":"https:\/\/soro.co.at\/en\/steueridentifikation\/","title":{"rendered":"Extract from the register of associations"},"content":{"rendered":"<div data-elementor-type=\"wp-page\" data-elementor-id=\"512\" class=\"elementor elementor-512\">\n\t\t\t\t\t\t<section class=\"elementor-section elementor-top-section elementor-element elementor-element-98cff0b elementor-section-content-middle elementor-section-height-min-height elementor-section-full_width elementor-section-height-default elementor-section-items-middle\" data-id=\"98cff0b\" data-element_type=\"section\" data-e-type=\"section\" data-settings=\"{&quot;background_background&quot;:&quot;classic&quot;}\">\n\t\t\t\t\t\t\t<div class=\"elementor-background-overlay\"><\/div>\n\t\t\t\t\t\t\t<div class=\"elementor-container elementor-column-gap-no\">\n\t\t\t\t\t<div class=\"elementor-column elementor-col-100 elementor-top-column elementor-element elementor-element-d551147\" data-id=\"d551147\" data-element_type=\"column\" data-e-type=\"column\">\n\t\t\t<div class=\"elementor-widget-wrap\">\n\t\t\t\t\t\t\t<\/div>\n\t\t<\/div>\n\t\t\t\t\t<\/div>\n\t\t<\/section>\n\t\t\t\t<section class=\"elementor-section elementor-top-section elementor-element elementor-element-85e0a6b elementor-section-content-middle elementor-section-boxed elementor-section-height-default elementor-section-height-default\" data-id=\"85e0a6b\" data-element_type=\"section\" data-e-type=\"section\" data-settings=\"{&quot;background_background&quot;:&quot;gradient&quot;}\">\n\t\t\t\t\t\t\t<div class=\"elementor-background-overlay\"><\/div>\n\t\t\t\t\t\t\t<div class=\"elementor-container elementor-column-gap-no\">\n\t\t\t\t\t<div class=\"elementor-column elementor-col-100 elementor-top-column elementor-element elementor-element-3638fb8\" data-id=\"3638fb8\" data-element_type=\"column\" data-e-type=\"column\" data-settings=\"{&quot;background_background&quot;:&quot;classic&quot;}\">\n\t\t\t<div class=\"elementor-widget-wrap elementor-element-populated\">\n\t\t\t\t\t\t<div class=\"elementor-element elementor-element-e6d91bb elementor-widget elementor-widget-heading\" data-id=\"e6d91bb\" data-element_type=\"widget\" data-e-type=\"widget\" data-widget_type=\"heading.default\">\n\t\t\t\t<div class=\"elementor-widget-container\">\n\t\t\t\t\t<h1 class=\"elementor-heading-title elementor-size-medium\">Non-profit status and donation recognition<\/h1>\t\t\t\t<\/div>\n\t\t\t\t<\/div>\n\t\t\t\t<div class=\"elementor-element elementor-element-2cc36ca elementor-align-center elementor-widget elementor-widget-embedpres_document\" data-id=\"2cc36ca\" data-element_type=\"widget\" data-e-type=\"widget\" data-widget_type=\"embedpres_document.default\">\n\t\t\t\t<div class=\"elementor-widget-container\">\n\t\t\t\t\t\n        <div class=\"embedpress-document-embed ep-doc-a58af951a6502a3c10feeeb72b455626 ose-document\" style=\"width: 1000px; height: 993px; max-width:100%; display: inline-block\">\n\n                        <div >\n\n                <div id=\"ep-elementor-content-2cc36ca\" class=\"ep-elementor-content    ep-content-protection-disabled\">\n                    <div id=\"2cc36ca\" class=\"ep-embed-content-wraper\">\n                        <div class=\"embedpress-embed-document-pdf embedpress-pdf-2cc36ca\" data-emid=\"embedpress-pdf-2cc36ca\" data-embedpress-content=\"069c8104598ff6f139b1ced2dc77cc5f\" data-embed-type=\"Document\" data-emsrc=\"https:\/\/soro.co.at\/wp-content\/uploads\/2024\/10\/VRA.pdf\"><iframe title=\"VRA\" class=\"embedpress-embed-document-pdf embedpress-pdf-2cc36ca\" style=\"width: 1000px; height: 993px; max-width:100%; display: inline-block\" src=\"https:\/\/soro.co.at\/wp-admin\/admin-ajax.php?action=get_viewer&#038;file=https%3A%2F%2Fsoro.co.at%2Fwp-content%2Fuploads%2F2024%2F10%2FVRA.pdf#key=dGhlbWVNb2RlPWRlZmF1bHQmdG9vbGJhcj10cnVlJnBvc2l0aW9uPXRvcCZwcmVzZW50YXRpb249ZmFsc2UmbGF6eUxvYWQ9ZmFsc2UmZG93bmxvYWQ9dHJ1ZSZjb3B5X3RleHQ9dHJ1ZSZhZGRfdGV4dD1mYWxzZSZkcmF3PXRydWUmYWRkX2ltYWdlPWZhbHNlJnBkZl9yb3RhdGlvbj1mYWxzZSZwZGZfZGV0YWlscz1mYWxzZSZ6b29tX2luPXRydWUmem9vbV9vdXQ9dHJ1ZSZmaXRfdmlldz10cnVlJmJvb2ttYXJrPWZhbHNlJnNvdW5kPWZhbHNlJmZsaXBib29rX3Rvb2xiYXJfcG9zaXRpb249Ym90dG9tJnNlbGVjdGlvbl90b29sPTAmc2Nyb2xsaW5nPS0xJnNwcmVhZHM9LTEmaXNfcHJvX2FjdGl2ZT0wJndhdGVybWFya190ZXh0PSZ3YXRlcm1hcmtfZm9udF9zaXplPTQ4JndhdGVybWFya19jb2xvcj0lMjMwMDAwMDAmd2F0ZXJtYXJrX29wYWNpdHk9MTUmd2F0ZXJtYXJrX3N0eWxlPWNlbnRlcg==\" frameborder=\"0\"><\/iframe><\/div>                    <\/div>\n                <\/div>\n                            <\/div>\n        <\/div>\n\n    \t\t\t\t<\/div>\n\t\t\t\t<\/div>\n\t\t\t\t\t<\/div>\n\t\t<\/div>\n\t\t\t\t\t<\/div>\n\t\t<\/section>\n\t\t\t\t<\/div>","protected":false},"excerpt":{"rendered":"<p>Non-profit status and donation recognition<\/p>","protected":false},"author":5,"featured_media":0,"parent":0,"menu_order":0,"comment_status":"closed","ping_status":"closed","template":"elementor_header_footer","meta":{"neve_meta_sidebar":"full-width","neve_meta_container":"","neve_meta_enable_content_width":"on","neve_meta_content_width":100,"neve_meta_title_alignment":"","neve_meta_author_avatar":"","neve_post_elements_order":"","neve_meta_disable_header":"","neve_meta_disable_footer":"","neve_meta_disable_title":"","footnotes":""},"class_list":["post-512","page","type-page","status-publish","hentry"],"yoast_head":"<!-- This site is optimized with the Yoast SEO plugin v27.3 - https:\/\/yoast.com\/product\/yoast-seo-wordpress\/ -->\n<title>Vereinsregisterauszug - SORO<\/title>\n<meta name=\"robots\" content=\"index, follow, max-snippet:-1, max-image-preview:large, max-video-preview:-1\" \/>\n<link rel=\"canonical\" href=\"https:\/\/soro.co.at\/en\/steueridentifikation\/\" \/>\n<meta property=\"og:locale\" content=\"en_GB\" \/>\n<meta property=\"og:type\" content=\"article\" \/>\n<meta property=\"og:title\" content=\"Vereinsregisterauszug - SORO\" \/>\n<meta property=\"og:description\" content=\"Gemeinn\u00fctzigkeit und Spendenanerkennung\" \/>\n<meta property=\"og:url\" content=\"https:\/\/soro.co.at\/en\/steueridentifikation\/\" \/>\n<meta property=\"og:site_name\" content=\"SORO\" \/>\n<meta property=\"article:publisher\" content=\"https:\/\/www.facebook.com\/soro.co.at\/\" \/>\n<meta property=\"article:modified_time\" content=\"2024-10-22T18:10:11+00:00\" \/>\n<meta property=\"og:image\" content=\"https:\/\/soro.co.at\/wp-content\/uploads\/2023\/10\/soro_verein-1-scaled.jpg\" \/>\n\t<meta property=\"og:image:width\" content=\"2560\" \/>\n\t<meta property=\"og:image:height\" content=\"980\" \/>\n\t<meta property=\"og:image:type\" content=\"image\/jpeg\" \/>\n<meta name=\"twitter:card\" content=\"summary_large_image\" \/>\n<script type=\"application\/ld+json\" class=\"yoast-schema-graph\">{\"@context\":\"https:\\\/\\\/schema.org\",\"@graph\":[{\"@type\":\"WebPage\",\"@id\":\"https:\\\/\\\/soro.co.at\\\/steueridentifikation\\\/\",\"url\":\"https:\\\/\\\/soro.co.at\\\/steueridentifikation\\\/\",\"name\":\"Vereinsregisterauszug - SORO\",\"isPartOf\":{\"@id\":\"https:\\\/\\\/soro.co.at\\\/#website\"},\"datePublished\":\"2020-10-29T21:07:52+00:00\",\"dateModified\":\"2024-10-22T18:10:11+00:00\",\"breadcrumb\":{\"@id\":\"https:\\\/\\\/soro.co.at\\\/steueridentifikation\\\/#breadcrumb\"},\"inLanguage\":\"en-GB\",\"potentialAction\":[{\"@type\":\"ReadAction\",\"target\":[\"https:\\\/\\\/soro.co.at\\\/steueridentifikation\\\/\"]}]},{\"@type\":\"BreadcrumbList\",\"@id\":\"https:\\\/\\\/soro.co.at\\\/steueridentifikation\\\/#breadcrumb\",\"itemListElement\":[{\"@type\":\"ListItem\",\"position\":1,\"name\":\"Startseite\",\"item\":\"https:\\\/\\\/soro.co.at\\\/\"},{\"@type\":\"ListItem\",\"position\":2,\"name\":\"Vereinsregisterauszug\"}]},{\"@type\":\"WebSite\",\"@id\":\"https:\\\/\\\/soro.co.at\\\/#website\",\"url\":\"https:\\\/\\\/soro.co.at\\\/\",\"name\":\"SORO\",\"description\":\"Gemeinn\u00fctziger Verein f\u00fcr soziales Engagement\",\"publisher\":{\"@id\":\"https:\\\/\\\/soro.co.at\\\/#organization\"},\"alternateName\":\"SORO Gemeinn\u00fctziger Verein f\u00fcr soziales Engagement\",\"potentialAction\":[{\"@type\":\"SearchAction\",\"target\":{\"@type\":\"EntryPoint\",\"urlTemplate\":\"https:\\\/\\\/soro.co.at\\\/?s={search_term_string}\"},\"query-input\":{\"@type\":\"PropertyValueSpecification\",\"valueRequired\":true,\"valueName\":\"search_term_string\"}}],\"inLanguage\":\"en-GB\"},{\"@type\":\"Organization\",\"@id\":\"https:\\\/\\\/soro.co.at\\\/#organization\",\"name\":\"SORO Gemeinn\u00fctziger Verein f\u00fcr soziales Engagement\",\"alternateName\":\"SORO Gemeinn\u00fctziger Verein\",\"url\":\"https:\\\/\\\/soro.co.at\\\/\",\"logo\":{\"@type\":\"ImageObject\",\"inLanguage\":\"en-GB\",\"@id\":\"https:\\\/\\\/soro.co.at\\\/#\\\/schema\\\/logo\\\/image\\\/\",\"url\":\"https:\\\/\\\/soro.co.at\\\/wp-content\\\/uploads\\\/2023\\\/10\\\/logo-SORO-bg-orange.webp\",\"contentUrl\":\"https:\\\/\\\/soro.co.at\\\/wp-content\\\/uploads\\\/2023\\\/10\\\/logo-SORO-bg-orange.webp\",\"width\":369,\"height\":112,\"caption\":\"SORO Gemeinn\u00fctziger Verein f\u00fcr soziales Engagement\"},\"image\":{\"@id\":\"https:\\\/\\\/soro.co.at\\\/#\\\/schema\\\/logo\\\/image\\\/\"},\"sameAs\":[\"https:\\\/\\\/www.facebook.com\\\/soro.co.at\\\/\"]}]}<\/script>\n<!-- \/ Yoast SEO plugin. -->","yoast_head_json":{"title":"Extract from the register of associations - SORO","robots":{"index":"index","follow":"follow","max-snippet":"max-snippet:-1","max-image-preview":"max-image-preview:large","max-video-preview":"max-video-preview:-1"},"canonical":"https:\/\/soro.co.at\/en\/steueridentifikation\/","og_locale":"en_GB","og_type":"article","og_title":"Vereinsregisterauszug - SORO","og_description":"Gemeinn\u00fctzigkeit und Spendenanerkennung","og_url":"https:\/\/soro.co.at\/en\/steueridentifikation\/","og_site_name":"SORO","article_publisher":"https:\/\/www.facebook.com\/soro.co.at\/","article_modified_time":"2024-10-22T18:10:11+00:00","og_image":[{"width":2560,"height":980,"url":"https:\/\/soro.co.at\/wp-content\/uploads\/2023\/10\/soro_verein-1-scaled.jpg","type":"image\/jpeg"}],"twitter_card":"summary_large_image","schema":{"@context":"https:\/\/schema.org","@graph":[{"@type":"WebPage","@id":"https:\/\/soro.co.at\/steueridentifikation\/","url":"https:\/\/soro.co.at\/steueridentifikation\/","name":"Extract from the register of associations - SORO","isPartOf":{"@id":"https:\/\/soro.co.at\/#website"},"datePublished":"2020-10-29T21:07:52+00:00","dateModified":"2024-10-22T18:10:11+00:00","breadcrumb":{"@id":"https:\/\/soro.co.at\/steueridentifikation\/#breadcrumb"},"inLanguage":"en-GB","potentialAction":[{"@type":"ReadAction","target":["https:\/\/soro.co.at\/steueridentifikation\/"]}]},{"@type":"BreadcrumbList","@id":"https:\/\/soro.co.at\/steueridentifikation\/#breadcrumb","itemListElement":[{"@type":"ListItem","position":1,"name":"Startseite","item":"https:\/\/soro.co.at\/"},{"@type":"ListItem","position":2,"name":"Vereinsregisterauszug"}]},{"@type":"WebSite","@id":"https:\/\/soro.co.at\/#website","url":"https:\/\/soro.co.at\/","name":"SORO","description":"Non-profit association for social commitment","publisher":{"@id":"https:\/\/soro.co.at\/#organization"},"alternateName":"SORO Gemeinn\u00fctziger Verein f\u00fcr soziales Engagement","potentialAction":[{"@type":"SearchAction","target":{"@type":"EntryPoint","urlTemplate":"https:\/\/soro.co.at\/?s={search_term_string}"},"query-input":{"@type":"PropertyValueSpecification","valueRequired":true,"valueName":"search_term_string"}}],"inLanguage":"en-GB"},{"@type":"Organization","@id":"https:\/\/soro.co.at\/#organization","name":"SORO Gemeinn\u00fctziger Verein f\u00fcr soziales Engagement","alternateName":"SORO Gemeinn\u00fctziger Verein","url":"https:\/\/soro.co.at\/","logo":{"@type":"ImageObject","inLanguage":"en-GB","@id":"https:\/\/soro.co.at\/#\/schema\/logo\/image\/","url":"https:\/\/soro.co.at\/wp-content\/uploads\/2023\/10\/logo-SORO-bg-orange.webp","contentUrl":"https:\/\/soro.co.at\/wp-content\/uploads\/2023\/10\/logo-SORO-bg-orange.webp","width":369,"height":112,"caption":"SORO Gemeinn\u00fctziger Verein f\u00fcr soziales Engagement"},"image":{"@id":"https:\/\/soro.co.at\/#\/schema\/logo\/image\/"},"sameAs":["https:\/\/www.facebook.com\/soro.co.at\/"]}]}},"_links":{"self":[{"href":"https:\/\/soro.co.at\/en\/wp-json\/wp\/v2\/pages\/512","targetHints":{"allow":["GET"]}}],"collection":[{"href":"https:\/\/soro.co.at\/en\/wp-json\/wp\/v2\/pages"}],"about":[{"href":"https:\/\/soro.co.at\/en\/wp-json\/wp\/v2\/types\/page"}],"author":[{"embeddable":true,"href":"https:\/\/soro.co.at\/en\/wp-json\/wp\/v2\/users\/5"}],"replies":[{"embeddable":true,"href":"https:\/\/soro.co.at\/en\/wp-json\/wp\/v2\/comments?post=512"}],"version-history":[{"count":75,"href":"https:\/\/soro.co.at\/en\/wp-json\/wp\/v2\/pages\/512\/revisions"}],"predecessor-version":[{"id":1516,"href":"https:\/\/soro.co.at\/en\/wp-json\/wp\/v2\/pages\/512\/revisions\/1516"}],"wp:attachment":[{"href":"https:\/\/soro.co.at\/en\/wp-json\/wp\/v2\/media?parent=512"}],"curies":[{"name":"wp","href":"https:\/\/api.w.org\/{rel}","templated":true}]}}