{"id":474,"date":"2020-10-29T13:59:59","date_gmt":"2020-10-29T12:59:59","guid":{"rendered":"https:\/\/soro.co.at\/?page_id=474"},"modified":"2024-10-22T20:04:56","modified_gmt":"2024-10-22T18:04:56","slug":"impressum","status":"publish","type":"page","link":"http:\/\/soro.co.at\/en\/impressum\/","title":{"rendered":"Imprint"},"content":{"rendered":"<div data-elementor-type=\"wp-page\" data-elementor-id=\"474\" class=\"elementor elementor-474\">\n\t\t\t\t\t\t<section class=\"elementor-section elementor-top-section elementor-element elementor-element-d9eb0ea elementor-section-content-middle elementor-section-height-min-height elementor-section-full_width elementor-section-height-default elementor-section-items-middle\" data-id=\"d9eb0ea\" data-element_type=\"section\" data-e-type=\"section\" data-settings=\"{&quot;background_background&quot;:&quot;classic&quot;}\">\n\t\t\t\t\t\t\t<div class=\"elementor-background-overlay\"><\/div>\n\t\t\t\t\t\t\t<div class=\"elementor-container elementor-column-gap-no\">\n\t\t\t\t\t<div class=\"elementor-column elementor-col-100 elementor-top-column elementor-element elementor-element-63871f4\" data-id=\"63871f4\" data-element_type=\"column\" data-e-type=\"column\">\n\t\t\t<div class=\"elementor-widget-wrap\">\n\t\t\t\t\t\t\t<\/div>\n\t\t<\/div>\n\t\t\t\t\t<\/div>\n\t\t<\/section>\n\t\t\t\t<section class=\"elementor-section elementor-top-section elementor-element elementor-element-66ff0a4 elementor-section-content-middle elementor-section-boxed elementor-section-height-default elementor-section-height-default\" data-id=\"66ff0a4\" data-element_type=\"section\" data-e-type=\"section\" data-settings=\"{&quot;background_background&quot;:&quot;gradient&quot;}\">\n\t\t\t\t\t\t\t<div class=\"elementor-background-overlay\"><\/div>\n\t\t\t\t\t\t\t<div class=\"elementor-container elementor-column-gap-no\">\n\t\t\t\t\t<div class=\"elementor-column elementor-col-100 elementor-top-column elementor-element elementor-element-b2d8611\" data-id=\"b2d8611\" data-element_type=\"column\" data-e-type=\"column\" data-settings=\"{&quot;background_background&quot;:&quot;classic&quot;}\">\n\t\t\t<div class=\"elementor-widget-wrap elementor-element-populated\">\n\t\t\t\t\t\t<div class=\"elementor-element elementor-element-3fa8d5d elementor-widget elementor-widget-text-editor\" data-id=\"3fa8d5d\" data-element_type=\"widget\" data-e-type=\"widget\" data-widget_type=\"text-editor.default\">\n\t\t\t\t<div class=\"elementor-widget-container\">\n\t\t\t\t\t\t\t\t\t<h1 style=\"text-align: center;\">Imprint<\/h1><p>Information in accordance with the duty to inform pursuant to \u00a75 E-Commerce Act, \u00a714 Company Code, \u00a763 Trade, Commerce and Industry Regulation Act and the duty to disclose pursuant to \u00a725 Media Act.<\/p><p>SORO - Non-profit association for social commitment<\/p><p><strong>ZVR:<\/strong> 316390974<\/p><p>W\u00fcrthgasse 8\/10, <br \/>1190 Vienna, <br \/>Austria.<\/p><p><strong><br \/>Intercompany representatives<\/strong><\/p><p>President: Georg Rotter, M.A.<\/p><p><strong>Association headquarters:<\/strong> 1190 Vienna <br \/><strong>Tel:<\/strong> 0664 3117275 <br \/><strong>E-mail:<\/strong> <u>info@soro.co.at<\/u><\/p><p><strong><br \/>Purpose of the Association:<\/strong><\/p><p>Non-profit association for social commitment<br \/><br \/><\/p><p><strong>Contact details of the person responsible for data protection<\/strong><\/p><p>If you have any questions about data protection, please find below the contact details of the person responsible or the person in charge.<br \/><br \/><br \/><strong>Place:<\/strong><\/p><p>SORO<br \/><br \/>W\u00fcrthgasse 8\/10, 1190 Vienna, Austria<br \/><strong>E-mail address:<\/strong> <u>info@soro.co.at<br \/><\/u><strong>Phone:<\/strong> 0664 3117275<\/p><p><strong>Imprint:<\/strong> <a href=\"http:\/\/soro.co.at\/en\/impressum\/\">https:\/\/www.soro.co.at\/impressum\/<\/a><br \/><br \/><\/p><h2>EU Dispute Resolution<\/h2><p>In accordance with the Regulation on Online Dispute Resolution in Consumer Matters (ODR Regulation), we would like to inform you about the online dispute resolution platform (OS platform).<\/p><p>Consumers have the possibility to submit complaints to the European Commission's online dispute resolution platform at <a href=\"https:\/\/ec.europa.eu\/consumers\/odr\/main\/index.cfm?event=main.home2.show&amp;lng=DE\">https:\/\/ec.europa.eu\/consumers\/odr\/main\/index.cfm?event=main.home2.show&amp;lng=DE<\/a> to the address below. You will find the necessary contact details above in our imprint.<\/p><p>However, we would like to point out that we are not willing or obliged to participate in dispute resolution proceedings before a consumer arbitration board.<br \/><br \/><\/p><h2>Liability for the contents of this website<\/h2><p>We are constantly developing the content of this website and strive to provide accurate and up-to-date information. Unfortunately, we cannot accept liability for the accuracy of all content on this website, especially that provided by third parties. As a service provider, we are not obliged to monitor the information transmitted or stored by you or to investigate circumstances that indicate illegal activity.<\/p><p>Our obligations to remove information or to block the use of information in accordance with general laws due to court or official orders remain unaffected by this, even in the case of our non-responsibility.<\/p><p>If you notice problematic or illegal content, please contact us immediately so that we can remove the illegal content. You will find the contact details in the imprint.<br \/><br \/><\/p><h2>Liability for links on this website<\/h2><p>Our website contains links to other websites for whose content we are not responsible.<\/p><p>We are not liable for linked websites, as we have no knowledge of any unlawful content.<\/p><p>We have not been aware of any such illegalities and would remove links immediately if we became aware of any illegalities.<\/p><p>If you notice illegal links on our website, please contact us. You will find the contact details in the imprint.<br \/><br \/><\/p><h2>Copyright notice<\/h2><p>All contents of this website (images, photos, texts, videos) are subject to copyright. Please consult us before you distribute, reproduce or exploit the content of this website, such as republishing it on other websites. If necessary, we will legally pursue the unauthorised use of parts of the contents of our site.<\/p><p>If you find any content on this website that infringes copyright, please contact us.<br \/><br \/><\/p><h2>Picture credits<\/h2><p>The images, photos and graphics on this website are protected by copyright.<\/p><p>The image rights are held by:<\/p><p>SORO<\/p><p>All texts are protected by copyright.<\/p><p>Source: Created with the <a href=\"https:\/\/www.adsimple.at\/impressum-generator\/\">Imprint Generator<\/a> from AdSimple<\/p>\t\t\t\t\t\t\t\t<\/div>\n\t\t\t\t<\/div>\n\t\t\t\t\t<\/div>\n\t\t<\/div>\n\t\t\t\t\t<\/div>\n\t\t<\/section>\n\t\t\t\t<\/div>","protected":false},"excerpt":{"rendered":"<p>Imprint Information in accordance with the information obligation pursuant to \u00a75 of the E-Commerce Act, \u00a714 of the Austrian Commercial Code, \u00a763 of the Industrial Code and the disclosure obligation pursuant to \u00a725 of the Austrian Media Act. SORO - Non-profit organisation for social commitment ZVR: 316390974 W\u00fcrthgasse 8\/10, 1190 Vienna, Austria. Organisational representatives Chairman\/Chairwoman: Georg Rotter Association headquarters: 1190 Vienna Phone: 0664 3117275 Email: info@soro.co.at Purpose of the association: Non-profit association for social commitment Contact details of the person responsible for data protection If you have any questions about data protection, you will find the contact details of the person or body responsible below. Office: SORO W\u00fcrthgasse 8\/10, 1190 Vienna, AustriaE-mail address: info@soro.co.atTelefon: 0664 3117275 Imprint: https:\/\/www.soro.co.at\/impressum\/ EU dispute resolution In accordance with the Regulation on Online Dispute Resolution in Consumer Matters (ODR Regulation), we would like to inform you about the online dispute resolution platform (OS platform). Consumers have the opportunity to submit complaints to the European Commission's online dispute resolution platform at https:\/\/ec.europa.eu\/consumers\/odr\/main\/index.cfm?event=main.home2.show&amp;lng=DE. You will find the necessary contact details above in our legal notice. However, we would like to point out that we are not willing or obliged to participate in dispute resolution proceedings before a consumer arbitration board. Liability for the content of this website We are constantly developing the content of this website and endeavour to provide correct and up-to-date information. Unfortunately, we cannot accept any liability for the accuracy of all content on this website, especially that provided by third parties. As a service provider, we are not obliged to monitor the information transmitted or stored by you or to investigate circumstances that indicate illegal activity. Our obligations to remove information or to block the use of information in accordance with the general laws due to court or official orders remain unaffected, even in the case of our non-responsibility. If you notice any problematic or illegal content, please contact us immediately so that we can remove the illegal content. You will find the contact details in the legal notice. Liability for links on this website Our website contains links to other websites for whose content we are not responsible. We are not liable for linked websites, as we had and have no knowledge of illegal activities, we have not become aware of any such illegal activities and we would remove links immediately if we became aware of any illegal activities. If you notice any illegal links on our website, please contact us. You will find the contact details in the legal notice. Copyright notice All content on this website (images, photos, texts, videos) is subject to copyright. Please ask us before you distribute, reproduce or utilise the content of this website, for example by republishing it on other websites. If necessary, we will take legal action against unauthorised use of parts of the content of our website. If you find any content on this website that violates copyright law, please contact us. Picture credits The pictures, photos and graphics on this website are protected by copyright. The image rights are held by: SORO All texts are protected by copyright. Source: Created with the imprint generator from AdSimple<\/p>","protected":false},"author":5,"featured_media":0,"parent":0,"menu_order":0,"comment_status":"closed","ping_status":"closed","template":"elementor_header_footer","meta":{"neve_meta_sidebar":"full-width","neve_meta_container":"","neve_meta_enable_content_width":"on","neve_meta_content_width":100,"neve_meta_title_alignment":"","neve_meta_author_avatar":"","neve_post_elements_order":"","neve_meta_disable_header":"","neve_meta_disable_footer":"","neve_meta_disable_title":"","footnotes":""},"class_list":["post-474","page","type-page","status-publish","hentry"],"yoast_head":"<!-- This site is optimized with the Yoast SEO plugin v27.3 - https:\/\/yoast.com\/product\/yoast-seo-wordpress\/ -->\n<title>Impressum - SORO<\/title>\n<meta name=\"robots\" content=\"noindex, nofollow\" \/>\n<meta property=\"og:locale\" content=\"en_GB\" \/>\n<meta property=\"og:type\" content=\"article\" \/>\n<meta property=\"og:title\" content=\"Impressum - SORO\" \/>\n<meta property=\"og:description\" content=\"Impressum Angaben gem\u00e4\u00df Informationspflicht laut \u00a75 E-Commerce Gesetz, \u00a714 Unternehmensgesetzbuch, \u00a763 Gewerbeordnung und Offenlegungspflicht laut \u00a725 Mediengesetz. SORO &#8211; Gemeinn\u00fctziger Verein f\u00fcr soziales Engagement ZVR: 316390974 W\u00fcrthgasse 8\/10, 1190 Wien, \u00d6sterreich. Organschaftliche Vertreter Obmann\/Obfrau: Mag. Georg Rotter Vereinssitz: 1190 Wien Tel.: 0664 3117275 E-Mail: info@soro.co.at Vereinszweck: Gemeinn\u00fctziger Verein f\u00fcr soziales Engagement Kontaktdaten des Verantwortlichen f\u00fcr Datenschutz Sollten Sie Fragen zum Datenschutz haben, finden Sie nachfolgend die Kontaktdaten der verantwortlichen Person bzw. Stelle: SORO W\u00fcrthgasse 8\/10, 1190 Wien, \u00d6sterreichE-Mail-Adresse: info@soro.co.atTelefon: 0664 3117275 Impressum: https:\/\/www.soro.co.at\/impressum\/ EU-Streitschlichtung Gem\u00e4\u00df Verordnung \u00fcber Online-Streitbeilegung in Verbraucherangelegenheiten (ODR-Verordnung) m\u00f6chten wir Sie \u00fcber die Online-Streitbeilegungsplattform (OS-Plattform) informieren. Verbraucher haben die M\u00f6glichkeit, Beschwerden an die Online Streitbeilegungsplattform der Europ\u00e4ischen Kommission unter https:\/\/ec.europa.eu\/consumers\/odr\/main\/index.cfm?event=main.home2.show&amp;lng=DE zu richten. Die daf\u00fcr notwendigen Kontaktdaten finden Sie oberhalb in unserem Impressum. Wir m\u00f6chten Sie jedoch darauf hinweisen, dass wir nicht bereit oder verpflichtet sind, an Streitbeilegungsverfahren vor einer Verbraucherschlichtungsstelle teilzunehmen. Haftung f\u00fcr Inhalte dieser Website Wir entwickeln die Inhalte dieser Website st\u00e4ndig weiter und bem\u00fchen uns korrekte und aktuelle Informationen bereitzustellen. Leider k\u00f6nnen wir keine Haftung f\u00fcr die Korrektheit aller Inhalte auf dieser Website \u00fcbernehmen, speziell f\u00fcr jene, die seitens Dritter bereitgestellt wurden. Als Diensteanbieter sind wir nicht verpflichtet, die von Ihnen \u00fcbermittelten oder gespeicherten Informationen zu \u00fcberwachen oder nach Umst\u00e4nden zu forschen, die auf eine rechtswidrige T\u00e4tigkeit hinweisen. Unsere Verpflichtungen zur Entfernung von Informationen oder zur Sperrung der Nutzung von Informationen nach den allgemeinen Gesetzen aufgrund von gerichtlichen oder beh\u00f6rdlichen Anordnungen bleiben auch im Falle unserer Nichtverantwortlichkeit davon unber\u00fchrt. Sollten Ihnen problematische oder rechtswidrige Inhalte auffallen, bitte wir Sie uns umgehend zu kontaktieren, damit wir die rechtswidrigen Inhalte entfernen k\u00f6nnen. Sie finden die Kontaktdaten im Impressum. Haftung f\u00fcr Links auf dieser Website Unsere Website enth\u00e4lt Links zu anderen Websites f\u00fcr deren Inhalt wir nicht verantwortlich sind. Haftung f\u00fcr verlinkte Websites besteht f\u00fcr uns nicht, da wir keine Kenntnis rechtswidriger T\u00e4tigkeiten hatten und haben, uns solche Rechtswidrigkeiten auch bisher nicht aufgefallen sind und wir Links sofort entfernen w\u00fcrden, wenn uns Rechtswidrigkeiten bekannt werden. Wenn Ihnen rechtswidrige Links auf unserer Website auffallen, bitte wir Sie uns zu kontaktieren. Sie finden die Kontaktdaten im Impressum. Urheberrechtshinweis Alle Inhalte dieser Webseite (Bilder, Fotos, Texte, Videos) unterliegen dem Urheberrecht. Bitte fragen Sie uns bevor Sie die Inhalte dieser Website verbreiten, vervielf\u00e4ltigen oder verwerten wie zum Beispiel auf anderen Websites erneut ver\u00f6ffentlichen. Falls notwendig, werden wir die unerlaubte Nutzung von Teilen der Inhalte unserer Seite rechtlich verfolgen. Sollten Sie auf dieser Webseite Inhalte finden, die das Urheberrecht verletzen, bitten wir Sie uns zu kontaktieren. Bildernachweis Die Bilder, Fotos und Grafiken auf dieser Webseite sind urheberrechtlich gesch\u00fctzt. Die Bilderrechte liegen bei: SORO Alle Texte sind urheberrechtlich gesch\u00fctzt. Quelle: Erstellt mit dem Impressum Generator von AdSimple\" \/>\n<meta property=\"og:url\" content=\"https:\/\/soro.co.at\/en\/impressum\/\" \/>\n<meta property=\"og:site_name\" content=\"SORO\" \/>\n<meta property=\"article:publisher\" content=\"https:\/\/www.facebook.com\/soro.co.at\/\" \/>\n<meta property=\"article:modified_time\" content=\"2024-10-22T18:04:56+00:00\" \/>\n<meta property=\"og:image\" content=\"https:\/\/soro.co.at\/wp-content\/uploads\/2023\/10\/soro_verein-1-scaled.jpg\" \/>\n\t<meta property=\"og:image:width\" content=\"2560\" \/>\n\t<meta property=\"og:image:height\" content=\"980\" \/>\n\t<meta property=\"og:image:type\" content=\"image\/jpeg\" \/>\n<meta name=\"twitter:card\" content=\"summary_large_image\" \/>\n<meta name=\"twitter:label1\" content=\"Estimated reading time\" \/>\n\t<meta name=\"twitter:data1\" content=\"2 minutes\" \/>\n<script type=\"application\/ld+json\" class=\"yoast-schema-graph\">{\"@context\":\"https:\\\/\\\/schema.org\",\"@graph\":[{\"@type\":\"WebPage\",\"@id\":\"https:\\\/\\\/soro.co.at\\\/impressum\\\/\",\"url\":\"https:\\\/\\\/soro.co.at\\\/impressum\\\/\",\"name\":\"Impressum - SORO\",\"isPartOf\":{\"@id\":\"https:\\\/\\\/soro.co.at\\\/#website\"},\"datePublished\":\"2020-10-29T12:59:59+00:00\",\"dateModified\":\"2024-10-22T18:04:56+00:00\",\"breadcrumb\":{\"@id\":\"https:\\\/\\\/soro.co.at\\\/impressum\\\/#breadcrumb\"},\"inLanguage\":\"en-GB\",\"potentialAction\":[{\"@type\":\"ReadAction\",\"target\":[\"https:\\\/\\\/soro.co.at\\\/impressum\\\/\"]}]},{\"@type\":\"BreadcrumbList\",\"@id\":\"https:\\\/\\\/soro.co.at\\\/impressum\\\/#breadcrumb\",\"itemListElement\":[{\"@type\":\"ListItem\",\"position\":1,\"name\":\"Startseite\",\"item\":\"https:\\\/\\\/soro.co.at\\\/\"},{\"@type\":\"ListItem\",\"position\":2,\"name\":\"Impressum\"}]},{\"@type\":\"WebSite\",\"@id\":\"https:\\\/\\\/soro.co.at\\\/#website\",\"url\":\"https:\\\/\\\/soro.co.at\\\/\",\"name\":\"SORO\",\"description\":\"Gemeinn\u00fctziger Verein f\u00fcr soziales Engagement\",\"publisher\":{\"@id\":\"https:\\\/\\\/soro.co.at\\\/#organization\"},\"alternateName\":\"SORO Gemeinn\u00fctziger Verein f\u00fcr soziales Engagement\",\"potentialAction\":[{\"@type\":\"SearchAction\",\"target\":{\"@type\":\"EntryPoint\",\"urlTemplate\":\"https:\\\/\\\/soro.co.at\\\/?s={search_term_string}\"},\"query-input\":{\"@type\":\"PropertyValueSpecification\",\"valueRequired\":true,\"valueName\":\"search_term_string\"}}],\"inLanguage\":\"en-GB\"},{\"@type\":\"Organization\",\"@id\":\"https:\\\/\\\/soro.co.at\\\/#organization\",\"name\":\"SORO Gemeinn\u00fctziger Verein f\u00fcr soziales Engagement\",\"alternateName\":\"SORO Gemeinn\u00fctziger Verein\",\"url\":\"https:\\\/\\\/soro.co.at\\\/\",\"logo\":{\"@type\":\"ImageObject\",\"inLanguage\":\"en-GB\",\"@id\":\"https:\\\/\\\/soro.co.at\\\/#\\\/schema\\\/logo\\\/image\\\/\",\"url\":\"https:\\\/\\\/soro.co.at\\\/wp-content\\\/uploads\\\/2023\\\/10\\\/logo-SORO-bg-orange.webp\",\"contentUrl\":\"https:\\\/\\\/soro.co.at\\\/wp-content\\\/uploads\\\/2023\\\/10\\\/logo-SORO-bg-orange.webp\",\"width\":369,\"height\":112,\"caption\":\"SORO Gemeinn\u00fctziger Verein f\u00fcr soziales Engagement\"},\"image\":{\"@id\":\"https:\\\/\\\/soro.co.at\\\/#\\\/schema\\\/logo\\\/image\\\/\"},\"sameAs\":[\"https:\\\/\\\/www.facebook.com\\\/soro.co.at\\\/\"]}]}<\/script>\n<!-- \/ Yoast SEO plugin. -->","yoast_head_json":{"title":"Imprint - SORO","robots":{"index":"noindex","follow":"nofollow"},"og_locale":"en_GB","og_type":"article","og_title":"Impressum - SORO","og_description":"Impressum Angaben gem\u00e4\u00df Informationspflicht laut \u00a75 E-Commerce Gesetz, \u00a714 Unternehmensgesetzbuch, \u00a763 Gewerbeordnung und Offenlegungspflicht laut \u00a725 Mediengesetz. SORO &#8211; Gemeinn\u00fctziger Verein f\u00fcr soziales Engagement ZVR: 316390974 W\u00fcrthgasse 8\/10, 1190 Wien, \u00d6sterreich. Organschaftliche Vertreter Obmann\/Obfrau: Mag. Georg Rotter Vereinssitz: 1190 Wien Tel.: 0664 3117275 E-Mail: info@soro.co.at Vereinszweck: Gemeinn\u00fctziger Verein f\u00fcr soziales Engagement Kontaktdaten des Verantwortlichen f\u00fcr Datenschutz Sollten Sie Fragen zum Datenschutz haben, finden Sie nachfolgend die Kontaktdaten der verantwortlichen Person bzw. Stelle: SORO W\u00fcrthgasse 8\/10, 1190 Wien, \u00d6sterreichE-Mail-Adresse: info@soro.co.atTelefon: 0664 3117275 Impressum: https:\/\/www.soro.co.at\/impressum\/ EU-Streitschlichtung Gem\u00e4\u00df Verordnung \u00fcber Online-Streitbeilegung in Verbraucherangelegenheiten (ODR-Verordnung) m\u00f6chten wir Sie \u00fcber die Online-Streitbeilegungsplattform (OS-Plattform) informieren. Verbraucher haben die M\u00f6glichkeit, Beschwerden an die Online Streitbeilegungsplattform der Europ\u00e4ischen Kommission unter https:\/\/ec.europa.eu\/consumers\/odr\/main\/index.cfm?event=main.home2.show&amp;lng=DE zu richten. Die daf\u00fcr notwendigen Kontaktdaten finden Sie oberhalb in unserem Impressum. Wir m\u00f6chten Sie jedoch darauf hinweisen, dass wir nicht bereit oder verpflichtet sind, an Streitbeilegungsverfahren vor einer Verbraucherschlichtungsstelle teilzunehmen. Haftung f\u00fcr Inhalte dieser Website Wir entwickeln die Inhalte dieser Website st\u00e4ndig weiter und bem\u00fchen uns korrekte und aktuelle Informationen bereitzustellen. Leider k\u00f6nnen wir keine Haftung f\u00fcr die Korrektheit aller Inhalte auf dieser Website \u00fcbernehmen, speziell f\u00fcr jene, die seitens Dritter bereitgestellt wurden. Als Diensteanbieter sind wir nicht verpflichtet, die von Ihnen \u00fcbermittelten oder gespeicherten Informationen zu \u00fcberwachen oder nach Umst\u00e4nden zu forschen, die auf eine rechtswidrige T\u00e4tigkeit hinweisen. Unsere Verpflichtungen zur Entfernung von Informationen oder zur Sperrung der Nutzung von Informationen nach den allgemeinen Gesetzen aufgrund von gerichtlichen oder beh\u00f6rdlichen Anordnungen bleiben auch im Falle unserer Nichtverantwortlichkeit davon unber\u00fchrt. Sollten Ihnen problematische oder rechtswidrige Inhalte auffallen, bitte wir Sie uns umgehend zu kontaktieren, damit wir die rechtswidrigen Inhalte entfernen k\u00f6nnen. Sie finden die Kontaktdaten im Impressum. Haftung f\u00fcr Links auf dieser Website Unsere Website enth\u00e4lt Links zu anderen Websites f\u00fcr deren Inhalt wir nicht verantwortlich sind. Haftung f\u00fcr verlinkte Websites besteht f\u00fcr uns nicht, da wir keine Kenntnis rechtswidriger T\u00e4tigkeiten hatten und haben, uns solche Rechtswidrigkeiten auch bisher nicht aufgefallen sind und wir Links sofort entfernen w\u00fcrden, wenn uns Rechtswidrigkeiten bekannt werden. Wenn Ihnen rechtswidrige Links auf unserer Website auffallen, bitte wir Sie uns zu kontaktieren. Sie finden die Kontaktdaten im Impressum. Urheberrechtshinweis Alle Inhalte dieser Webseite (Bilder, Fotos, Texte, Videos) unterliegen dem Urheberrecht. Bitte fragen Sie uns bevor Sie die Inhalte dieser Website verbreiten, vervielf\u00e4ltigen oder verwerten wie zum Beispiel auf anderen Websites erneut ver\u00f6ffentlichen. Falls notwendig, werden wir die unerlaubte Nutzung von Teilen der Inhalte unserer Seite rechtlich verfolgen. Sollten Sie auf dieser Webseite Inhalte finden, die das Urheberrecht verletzen, bitten wir Sie uns zu kontaktieren. Bildernachweis Die Bilder, Fotos und Grafiken auf dieser Webseite sind urheberrechtlich gesch\u00fctzt. Die Bilderrechte liegen bei: SORO Alle Texte sind urheberrechtlich gesch\u00fctzt. Quelle: Erstellt mit dem Impressum Generator von AdSimple","og_url":"https:\/\/soro.co.at\/en\/impressum\/","og_site_name":"SORO","article_publisher":"https:\/\/www.facebook.com\/soro.co.at\/","article_modified_time":"2024-10-22T18:04:56+00:00","og_image":[{"width":2560,"height":980,"url":"https:\/\/soro.co.at\/wp-content\/uploads\/2023\/10\/soro_verein-1-scaled.jpg","type":"image\/jpeg"}],"twitter_card":"summary_large_image","twitter_misc":{"Estimated reading time":"2 minutes"},"schema":{"@context":"https:\/\/schema.org","@graph":[{"@type":"WebPage","@id":"https:\/\/soro.co.at\/impressum\/","url":"https:\/\/soro.co.at\/impressum\/","name":"Imprint - SORO","isPartOf":{"@id":"https:\/\/soro.co.at\/#website"},"datePublished":"2020-10-29T12:59:59+00:00","dateModified":"2024-10-22T18:04:56+00:00","breadcrumb":{"@id":"https:\/\/soro.co.at\/impressum\/#breadcrumb"},"inLanguage":"en-GB","potentialAction":[{"@type":"ReadAction","target":["https:\/\/soro.co.at\/impressum\/"]}]},{"@type":"BreadcrumbList","@id":"https:\/\/soro.co.at\/impressum\/#breadcrumb","itemListElement":[{"@type":"ListItem","position":1,"name":"Startseite","item":"https:\/\/soro.co.at\/"},{"@type":"ListItem","position":2,"name":"Impressum"}]},{"@type":"WebSite","@id":"https:\/\/soro.co.at\/#website","url":"https:\/\/soro.co.at\/","name":"SORO","description":"Non-profit association for social commitment","publisher":{"@id":"https:\/\/soro.co.at\/#organization"},"alternateName":"SORO Gemeinn\u00fctziger Verein f\u00fcr soziales Engagement","potentialAction":[{"@type":"SearchAction","target":{"@type":"EntryPoint","urlTemplate":"https:\/\/soro.co.at\/?s={search_term_string}"},"query-input":{"@type":"PropertyValueSpecification","valueRequired":true,"valueName":"search_term_string"}}],"inLanguage":"en-GB"},{"@type":"Organization","@id":"https:\/\/soro.co.at\/#organization","name":"SORO Gemeinn\u00fctziger Verein f\u00fcr soziales Engagement","alternateName":"SORO Gemeinn\u00fctziger Verein","url":"https:\/\/soro.co.at\/","logo":{"@type":"ImageObject","inLanguage":"en-GB","@id":"https:\/\/soro.co.at\/#\/schema\/logo\/image\/","url":"https:\/\/soro.co.at\/wp-content\/uploads\/2023\/10\/logo-SORO-bg-orange.webp","contentUrl":"https:\/\/soro.co.at\/wp-content\/uploads\/2023\/10\/logo-SORO-bg-orange.webp","width":369,"height":112,"caption":"SORO Gemeinn\u00fctziger Verein f\u00fcr soziales Engagement"},"image":{"@id":"https:\/\/soro.co.at\/#\/schema\/logo\/image\/"},"sameAs":["https:\/\/www.facebook.com\/soro.co.at\/"]}]}},"_links":{"self":[{"href":"http:\/\/soro.co.at\/en\/wp-json\/wp\/v2\/pages\/474","targetHints":{"allow":["GET"]}}],"collection":[{"href":"http:\/\/soro.co.at\/en\/wp-json\/wp\/v2\/pages"}],"about":[{"href":"http:\/\/soro.co.at\/en\/wp-json\/wp\/v2\/types\/page"}],"author":[{"embeddable":true,"href":"http:\/\/soro.co.at\/en\/wp-json\/wp\/v2\/users\/5"}],"replies":[{"embeddable":true,"href":"http:\/\/soro.co.at\/en\/wp-json\/wp\/v2\/comments?post=474"}],"version-history":[{"count":71,"href":"http:\/\/soro.co.at\/en\/wp-json\/wp\/v2\/pages\/474\/revisions"}],"predecessor-version":[{"id":1507,"href":"http:\/\/soro.co.at\/en\/wp-json\/wp\/v2\/pages\/474\/revisions\/1507"}],"wp:attachment":[{"href":"http:\/\/soro.co.at\/en\/wp-json\/wp\/v2\/media?parent=474"}],"curies":[{"name":"wp","href":"https:\/\/api.w.org\/{rel}","templated":true}]}}